{"id":8639,"date":"2019-09-17T11:17:10","date_gmt":"2019-09-17T09:17:10","guid":{"rendered":"https:\/\/iuvando.de\/impressum\/"},"modified":"2022-07-14T10:24:27","modified_gmt":"2022-07-14T08:24:27","slug":"impressum","status":"publish","type":"page","link":"https:\/\/iuvando.de\/en\/impressum\/","title":{"rendered":"Impressum"},"content":{"rendered":"<section class=\"l-section wpb_row height_medium\"><div class=\"l-section-h i-cf\"><div class=\"g-cols vc_row via_flex valign_top type_default stacking_default\"><div class=\"vc_col-sm-12 wpb_column vc_column_container\"><div class=\"vc_column-inner\"><div class=\"wpb_wrapper\"><div class=\"wpb_text_column\"><div class=\"wpb_wrapper\"><h2>ANGABEN GEM\u00c4SS \u00a7 5 TM<\/h2>\n<p>iuvando Health GmbH<br \/>\nJulius-Hatry-Str. 1<br \/>\n68163 Mannheim<\/p>\n<p>Registergericht: Amtsgericht Mannheim<br \/>\nRegisternummer: HRB 732791<br \/>\nUmsatzsteueridentifikationsnummer: DE323398082<\/p>\n<p><strong>Vertreten durch die Gesch\u00e4ftsf\u00fchrer:<\/strong><br \/>\nDr. Benjamin Hanfstein<br \/>\nDr. Mridul Agrawal<\/p>\n<h2>KONTAKT<\/h2>\n<p>Telefon: 0621 &#8211; 6374 5504<br \/>\nFax: 0621 &#8211; 6374 5502<\/p>\n<p>E-Mail: info@iuvando.de<\/p>\n<h2>VERANTWORTLICH F\u00dcR DEN INHALT NACH \u00a7 55 ABS. 2 RSTV<\/h2>\n<p>Dr. Benjamin Hanfstein<\/p>\n<h2>STREITSCHLICHTUNG<\/h2>\n<p>Die Europ\u00e4ische Kommission stellt eine Plattform zur Online-Streitbeilegung (OS) bereit:\u00a0<a href=\"https:\/\/ec.europa.eu\/consumers\/odr\" target=\"_blank\" rel=\"noopener noreferrer\">https:\/\/ec.europa.eu\/consumers\/odr<\/a>.<br \/>\nUnsere E-Mail-Adresse finden Sie oben im Impressum.<\/p>\n<p>Wir sind nicht bereit oder verpflichtet, an Streitbeilegungsverfahren vor einer Verbraucherschlichtungsstelle teilzunehmen.<\/p>\n<h3>HAFTUNG F\u00dcR INHALTE<\/h3>\n<p>Als Diensteanbieter sind wir gem\u00e4\u00df \u00a7 7 Abs.1 TMG f\u00fcr eigene Inhalte auf diesen Seiten nach den allgemeinen Gesetzen verantwortlich. Nach \u00a7\u00a7 8 bis 10 TMG sind wir als Diensteanbieter jedoch nicht verpflichtet, \u00fcbermittelte oder gespeicherte fremde Informationen zu \u00fcberwachen oder nach Umst\u00e4nden zu forschen, die auf eine rechtswidrige T\u00e4tigkeit hinweisen.<\/p>\n<p>Verpflichtungen zur Entfernung oder Sperrung der Nutzung von Informationen nach den allgemeinen Gesetzen bleiben hiervon unber\u00fchrt. Eine diesbez\u00fcgliche Haftung ist jedoch erst ab dem Zeitpunkt der Kenntnis einer konkreten Rechtsverletzung m\u00f6glich. Bei Bekanntwerden von entsprechenden Rechtsverletzungen werden wir diese Inhalte umgehend entfernen.<\/p>\n<h3>HAFTUNG F\u00dcR LINKS<\/h3>\n<p>Unser Angebot enth\u00e4lt Links zu externen Websites Dritter, auf deren Inhalte wir keinen Einfluss haben. Deshalb k\u00f6nnen wir f\u00fcr diese fremden Inhalte auch keine Gew\u00e4hr \u00fcbernehmen. F\u00fcr die Inhalte der verlinkten Seiten ist stets der jeweilige Anbieter oder Betreiber der Seiten verantwortlich. Die verlinkten Seiten wurden zum Zeitpunkt der Verlinkung auf m\u00f6gliche Rechtsverst\u00f6\u00dfe \u00fcberpr\u00fcft. Rechtswidrige Inhalte waren zum Zeitpunkt der Verlinkung nicht erkennbar.<\/p>\n<p>Eine permanente inhaltliche Kontrolle der verlinkten Seiten ist jedoch ohne konkrete Anhaltspunkte einer Rechtsverletzung nicht zumutbar. Bei Bekanntwerden von Rechtsverletzungen werden wir derartige Links umgehend entfernen.<\/p>\n<h3>URHEBERRECHT<\/h3>\n<p>Die durch die Seitenbetreiber erstellten Inhalte und Werke auf diesen Seiten unterliegen dem deutschen Urheberrecht. Die Vervielf\u00e4ltigung, Bearbeitung, Verbreitung und jede Art der Verwertung au\u00dferhalb der Grenzen des Urheberrechtes bed\u00fcrfen der schriftlichen Zustimmung des jeweiligen Autors bzw. Erstellers. Downloads und Kopien dieser Seite sind nur f\u00fcr den privaten, nicht kommerziellen Gebrauch gestattet.<\/p>\n<p>Soweit die Inhalte auf dieser Seite nicht vom Betreiber erstellt wurden, werden die Urheberrechte Dritter beachtet. Insbesondere werden Inhalte Dritter als solche gekennzeichnet. Sollten Sie trotzdem auf eine Urheberrechtsverletzung aufmerksam werden, bitten wir um einen entsprechenden Hinweis. Bei Bekanntwerden von Rechtsverletzungen werden wir derartige Inhalte umgehend entfernen.<\/p>\n<h3>BILDQUELLEN<\/h3>\n<p>Startseite: \u00a9\u00a0Sara Winter\/\u00a0123RF.com, \u00a9 Prig MORISSE\/ 123RF.com, \u00a9 garetsworkshop\/ Shutterstock.com, \u00a9 Katarzyna Bia\u0142asiewicz\/ 123RF.com<br \/>\n&#8220;\u00dcber iuvando&#8221;: \u00a9\u00a0ABO PHOTOGRAPHY\/ Shutterstock.com<br \/>\n&#8220;Service f\u00fcr \u00c4rzte&#8221;: \u00a9\u00a0rck953\/ 123RF.com, \u00a9 StockLite\/ Shutterstock.com<br \/>\n&#8220;Kontakt&#8221;: \u00a9\u00a0Sara Winter\/\u00a0123RF.com<\/p>\n<p>Quelle:\u00a0<a href=\"https:\/\/www.e-recht24.de\/impressum-generator.html\">https:\/\/www.e-recht24.de\/impressum-generator.html<\/a><\/p>\n<\/div><\/div><\/div><\/div><\/div><\/div><\/div><\/section>\n","protected":false},"excerpt":{"rendered":"ANGABEN GEM\u00c4SS \u00a7 5 TM iuvando Health GmbH Julius-Hatry-Str. 1 68163 Mannheim Registergericht: Amtsgericht Mannheim Registernummer: HRB 732791 Umsatzsteueridentifikationsnummer: DE323398082 Vertreten durch die Gesch\u00e4ftsf\u00fchrer: Dr. Benjamin Hanfstein Dr. Mridul Agrawal KONTAKT Telefon: 0621 &#8211; 6374 5504 Fax: 0621 &#8211; 6374 5502 E-Mail: info@iuvando.de VERANTWORTLICH F\u00dcR DEN INHALT NACH \u00a7 55 ABS. 2 RSTV Dr. Benjamin...","protected":false},"author":2,"featured_media":0,"parent":0,"menu_order":0,"comment_status":"closed","ping_status":"closed","template":"","meta":{"footnotes":""},"class_list":["post-8639","page","type-page","status-publish","hentry"],"acf":[],"yoast_head":"<!-- This site is optimized with the Yoast SEO Premium plugin v25.3.1 (Yoast SEO v25.3.1) - https:\/\/yoast.com\/wordpress\/plugins\/seo\/ -->\n<title>Impressum - iuvando - Studien in der Onkologie<\/title>\n<meta name=\"description\" content=\"Here you will find the imprint of iuvando Health GmbH. Contact us by phone or email if you have any questions.\" \/>\n<meta name=\"robots\" content=\"index, follow, max-snippet:-1, max-image-preview:large, max-video-preview:-1\" \/>\n<link rel=\"canonical\" href=\"https:\/\/iuvando.de\/en\/impressum\/\" \/>\n<meta property=\"og:locale\" content=\"en_US\" \/>\n<meta property=\"og:type\" content=\"article\" \/>\n<meta property=\"og:title\" content=\"Impressum\" \/>\n<meta property=\"og:description\" content=\"Here you will find the imprint of iuvando Health GmbH. Contact us by phone or email if you have any questions.\" \/>\n<meta property=\"og:url\" content=\"https:\/\/iuvando.de\/en\/impressum\/\" \/>\n<meta property=\"og:site_name\" content=\"iuvando - Studien in der Onkologie\" \/>\n<meta property=\"article:publisher\" content=\"https:\/\/de-de.facebook.com\/iuvandohealth\/\" \/>\n<meta property=\"article:modified_time\" content=\"2022-07-14T08:24:27+00:00\" \/>\n<meta name=\"twitter:card\" content=\"summary_large_image\" \/>\n<meta name=\"twitter:site\" content=\"@iuvando\" \/>\n<script type=\"application\/ld+json\" class=\"yoast-schema-graph\">{\"@context\":\"https:\/\/schema.org\",\"@graph\":[{\"@type\":\"WebPage\",\"@id\":\"https:\/\/iuvando.de\/en\/impressum\/\",\"url\":\"https:\/\/iuvando.de\/en\/impressum\/\",\"name\":\"Impressum - iuvando - Studien in der Onkologie\",\"isPartOf\":{\"@id\":\"https:\/\/iuvando.de\/en\/#website\"},\"datePublished\":\"2019-09-17T09:17:10+00:00\",\"dateModified\":\"2022-07-14T08:24:27+00:00\",\"description\":\"Here you will find the imprint of iuvando Health GmbH. Contact us by phone or email if you have any questions.\",\"breadcrumb\":{\"@id\":\"https:\/\/iuvando.de\/en\/impressum\/#breadcrumb\"},\"inLanguage\":\"en-US\",\"potentialAction\":[{\"@type\":\"ReadAction\",\"target\":[\"https:\/\/iuvando.de\/en\/impressum\/\"]}]},{\"@type\":\"BreadcrumbList\",\"@id\":\"https:\/\/iuvando.de\/en\/impressum\/#breadcrumb\",\"itemListElement\":[{\"@type\":\"ListItem\",\"position\":1,\"name\":\"Startseite\",\"item\":\"https:\/\/iuvando.de\/en\/\"},{\"@type\":\"ListItem\",\"position\":2,\"name\":\"Impressum\"}]},{\"@type\":\"WebSite\",\"@id\":\"https:\/\/iuvando.de\/en\/#website\",\"url\":\"https:\/\/iuvando.de\/en\/\",\"name\":\"iuvando - Studien in der Onkologie\",\"description\":\"Informationsportal f\u00fcr Krebspatienten\",\"publisher\":{\"@id\":\"https:\/\/iuvando.de\/en\/#organization\"},\"potentialAction\":[{\"@type\":\"SearchAction\",\"target\":{\"@type\":\"EntryPoint\",\"urlTemplate\":\"https:\/\/iuvando.de\/en\/?s={search_term_string}\"},\"query-input\":{\"@type\":\"PropertyValueSpecification\",\"valueRequired\":true,\"valueName\":\"search_term_string\"}}],\"inLanguage\":\"en-US\"},{\"@type\":\"Organization\",\"@id\":\"https:\/\/iuvando.de\/en\/#organization\",\"name\":\"iuvando Health GmbH\",\"url\":\"https:\/\/iuvando.de\/en\/\",\"logo\":{\"@type\":\"ImageObject\",\"inLanguage\":\"en-US\",\"@id\":\"https:\/\/iuvando.de\/en\/#\/schema\/logo\/image\/\",\"url\":\"https:\/\/iuvando.de\/wp-content\/uploads\/2019\/10\/logo.svg\",\"contentUrl\":\"https:\/\/iuvando.de\/wp-content\/uploads\/2019\/10\/logo.svg\",\"width\":458,\"height\":169,\"caption\":\"iuvando Health GmbH\"},\"image\":{\"@id\":\"https:\/\/iuvando.de\/en\/#\/schema\/logo\/image\/\"},\"sameAs\":[\"https:\/\/de-de.facebook.com\/iuvandohealth\/\",\"https:\/\/x.com\/iuvando\",\"https:\/\/www.linkedin.com\/company\/iuvando\/?originalSubdomain=de\"]}]}<\/script>\n<!-- \/ Yoast SEO Premium plugin. -->","yoast_head_json":{"title":"Impressum - iuvando - Studien in der Onkologie","description":"Here you will find the imprint of iuvando Health GmbH. Contact us by phone or email if you have any questions.","robots":{"index":"index","follow":"follow","max-snippet":"max-snippet:-1","max-image-preview":"max-image-preview:large","max-video-preview":"max-video-preview:-1"},"canonical":"https:\/\/iuvando.de\/en\/impressum\/","og_locale":"en_US","og_type":"article","og_title":"Impressum","og_description":"Here you will find the imprint of iuvando Health GmbH. Contact us by phone or email if you have any questions.","og_url":"https:\/\/iuvando.de\/en\/impressum\/","og_site_name":"iuvando - Studien in der Onkologie","article_publisher":"https:\/\/de-de.facebook.com\/iuvandohealth\/","article_modified_time":"2022-07-14T08:24:27+00:00","twitter_card":"summary_large_image","twitter_site":"@iuvando","schema":{"@context":"https:\/\/schema.org","@graph":[{"@type":"WebPage","@id":"https:\/\/iuvando.de\/en\/impressum\/","url":"https:\/\/iuvando.de\/en\/impressum\/","name":"Impressum - iuvando - Studien in der Onkologie","isPartOf":{"@id":"https:\/\/iuvando.de\/en\/#website"},"datePublished":"2019-09-17T09:17:10+00:00","dateModified":"2022-07-14T08:24:27+00:00","description":"Here you will find the imprint of iuvando Health GmbH. Contact us by phone or email if you have any questions.","breadcrumb":{"@id":"https:\/\/iuvando.de\/en\/impressum\/#breadcrumb"},"inLanguage":"en-US","potentialAction":[{"@type":"ReadAction","target":["https:\/\/iuvando.de\/en\/impressum\/"]}]},{"@type":"BreadcrumbList","@id":"https:\/\/iuvando.de\/en\/impressum\/#breadcrumb","itemListElement":[{"@type":"ListItem","position":1,"name":"Startseite","item":"https:\/\/iuvando.de\/en\/"},{"@type":"ListItem","position":2,"name":"Impressum"}]},{"@type":"WebSite","@id":"https:\/\/iuvando.de\/en\/#website","url":"https:\/\/iuvando.de\/en\/","name":"iuvando - Studien in der Onkologie","description":"Informationsportal f\u00fcr Krebspatienten","publisher":{"@id":"https:\/\/iuvando.de\/en\/#organization"},"potentialAction":[{"@type":"SearchAction","target":{"@type":"EntryPoint","urlTemplate":"https:\/\/iuvando.de\/en\/?s={search_term_string}"},"query-input":{"@type":"PropertyValueSpecification","valueRequired":true,"valueName":"search_term_string"}}],"inLanguage":"en-US"},{"@type":"Organization","@id":"https:\/\/iuvando.de\/en\/#organization","name":"iuvando Health GmbH","url":"https:\/\/iuvando.de\/en\/","logo":{"@type":"ImageObject","inLanguage":"en-US","@id":"https:\/\/iuvando.de\/en\/#\/schema\/logo\/image\/","url":"https:\/\/iuvando.de\/wp-content\/uploads\/2019\/10\/logo.svg","contentUrl":"https:\/\/iuvando.de\/wp-content\/uploads\/2019\/10\/logo.svg","width":458,"height":169,"caption":"iuvando Health GmbH"},"image":{"@id":"https:\/\/iuvando.de\/en\/#\/schema\/logo\/image\/"},"sameAs":["https:\/\/de-de.facebook.com\/iuvandohealth\/","https:\/\/x.com\/iuvando","https:\/\/www.linkedin.com\/company\/iuvando\/?originalSubdomain=de"]}]}},"_links":{"self":[{"href":"https:\/\/iuvando.de\/en\/wp-json\/wp\/v2\/pages\/8639","targetHints":{"allow":["GET"]}}],"collection":[{"href":"https:\/\/iuvando.de\/en\/wp-json\/wp\/v2\/pages"}],"about":[{"href":"https:\/\/iuvando.de\/en\/wp-json\/wp\/v2\/types\/page"}],"author":[{"embeddable":true,"href":"https:\/\/iuvando.de\/en\/wp-json\/wp\/v2\/users\/2"}],"replies":[{"embeddable":true,"href":"https:\/\/iuvando.de\/en\/wp-json\/wp\/v2\/comments?post=8639"}],"version-history":[{"count":5,"href":"https:\/\/iuvando.de\/en\/wp-json\/wp\/v2\/pages\/8639\/revisions"}],"predecessor-version":[{"id":9499,"href":"https:\/\/iuvando.de\/en\/wp-json\/wp\/v2\/pages\/8639\/revisions\/9499"}],"wp:attachment":[{"href":"https:\/\/iuvando.de\/en\/wp-json\/wp\/v2\/media?parent=8639"}],"curies":[{"name":"wp","href":"https:\/\/api.w.org\/{rel}","templated":true}]}}