{"id":8641,"date":"2019-09-17T11:13:28","date_gmt":"2019-09-17T09:13:28","guid":{"rendered":"https:\/\/iuvando.de\/allgemeine-geschaeftsbedingungen\/"},"modified":"2022-03-22T13:17:37","modified_gmt":"2022-03-22T12:17:37","slug":"allgemeine-geschaeftsbedingungen","status":"publish","type":"page","link":"https:\/\/iuvando.de\/en\/allgemeine-geschaeftsbedingungen\/","title":{"rendered":"Allgemeine Gesch\u00e4ftsbedingungen"},"content":{"rendered":"<section class=\"l-section wpb_row height_medium\"><div class=\"l-section-h i-cf\"><div class=\"g-cols vc_row via_flex valign_top type_default stacking_default\"><div class=\"vc_col-sm-8 vc_col-sm-offset-2 wpb_column vc_column_container\"><div class=\"vc_column-inner\"><div class=\"wpb_wrapper\"><div class=\"wpb_text_column\"><div class=\"wpb_wrapper\"><h2>NUTZUNGSBEDINGUNGEN DER &#8220;IUVANDO&#8221; PATIENTENPLATTFORM<\/h2>\n<h3>STAND 12.02.2019<\/h3>\n<p>PR\u00c4AMBEL<\/p>\n<p><span class=\"tsmcontroller\">Die Iuvando Health GmbH betreibt als unabh\u00e4ngiges Dienstleistungsunternehmen eine Webseite, \u00fcber die Patientinnen und Patienten (im Folgenden wird aus Gr\u00fcnden der Einfachheit die m\u00e4nnliche Form &#8220;Patient&#8221; verwendet) in eigener Initiative Kontakt mit dem Studienteam von Iuvando aufnehmen k\u00f6nnen. Patienten k\u00f6nnen Iuvando medizinische Informationen zu ihrer individuellen Erkrankung zur Verf\u00fcgung stellen, nachdem sie \u00fcber die Verwendung ihrer Daten aufgekl\u00e4rt wurden und eine schriftliche Einwilligung erteilt haben. Iuvando trifft mit Unterst\u00fctzung einer IT-L\u00f6sung anhand formaler Kriterien eine Auswahl einer oder mehrerer klinischer Therapiestudien, in die der jeweilige Patient aktuell m\u00f6glicherweise eingeschlossen werden kann (&#8220;Pre-Sreening Verfahren&#8221;).<br \/>\nDie Auswahl m\u00f6glicher Studien, im folgenden auch &#8220;Studienrecherche&#8221; genannt, wird an die behandelnde \u00c4rztin bzw. den behandelnden Arzt des Patienten \u00fcbermittelt. Iuvando nimmt gegen\u00fcber Patienten, \u00c4rzten und Studienzentren eine beratende und vermittelnde Funktion ein. Iuvando tritt dabei Patienten gegen\u00fcber als neutrale, nicht\u00e4rztliche Instanz auf und macht keine Aussagen zu Diagnose, Therapie, Verlauf oder Prognose der jeweiligen Erkrankung. Die medizinische Bewertung der m\u00f6glichen Studienalternativen bleibt ausschlie\u00dflich den behandelnden \u00c4rzten vorbehalten. Insbesondere macht Iuvando Patienten gegen\u00fcber keine Aussagen zu den Erfolgsaussichten einer Studientherapie. Sofern ein Konsens zum Studieneinschluss zustande kommt, koordiniert Iuvando die Vorstellung des Patienten am n\u00e4chstgelegenen Studienzentrum.<\/span><\/p>\n<h3 id=\"dsg-general-datatype\">I. BETREIBER DER IUVANDO PATIENTENPLATTFORM<\/h3>\n<p>Betreiber des Angebots von Iuvando ist<br \/>\nIuvando Health GmbH<br \/>\nTelefon: 0621 &#8211; 180 65 220<br \/>\nEmail: info@iuvando.de<br \/>\nWeb: www.iuvando.de<br \/>\nAnbieterin im Sinne des \u00a7 5 Telemediengesetz (TMG) und verantwortlich f\u00fcr den dortigen Inhalt nach \u00a7 55 Abs. 2 Rundfunkstaatsvertrag (RStV): Iuvando Health GmbH (im Folgenden &#8220;Iuvando&#8221; genannt).<\/p>\n<h3 id=\"dsg-general-datasubjects\">II. ZUSTANDEKOMMEN EINER VERTRAGLICHEN BEZIEHUNG<\/h3>\n<p>1) F\u00fcr vertragliche Beziehungen zwischen Iuvando und den Nutzerinnen und Nutzern der Webseite sowie des Rechercheangebots (im Folgenden wird aus Gr\u00fcnden der Einfachheit die m\u00e4nnliche Form &#8220;Nutzer&#8221; oder &#8220;Patient&#8221; verwendet) gelten ausschlie\u00dflich die nachfolgenden Nutzungsbedingungen. Diese sind unter https:\/\/iuvando.de\/agb abrufbar. Die Nutzungsbedingungen regeln die Nutzung des Angebots von Iuvando durch Patienten und ihre behandelnden \u00c4rzte. Die vertragliche Beziehung gegen\u00fcber Sponsoren klinischer Studien wird an anderer Stelle geregelt. Iuvando beh\u00e4lt sich ausdr\u00fccklich vor, diese Nutzungsbedingungen zu \u00e4ndern oder zu erg\u00e4nzen. Abweichende Vereinbarungen bed\u00fcrfen der Schriftform.<\/p>\n<p>2) Das Angebot von Iuvando richtet sich ausschlie\u00dflich an nat\u00fcrliche, vollj\u00e4hrige und uneingeschr\u00e4nkt gesch\u00e4ftsf\u00e4hige Personen. Diese gelten als Nutzer im Sinne der Nutzungsbedingungen. Iuvando wird von Nutzern per Kontaktformular, Email oder per Telefon beauftragt. Die Webseite von Iuvando stellt f\u00fcr Nutzer kein annahmef\u00e4higes Angebot dar. Die Annahme des Angebots kann von Iuvando im Rahmen eines telefonischen R\u00fcckrufs an den Nutzer erkl\u00e4rt werden, wodurch eine vertragliche Beziehung im Sinne einer Beauftragung zustande kommt. Iuvando beh\u00e4lt sich vor, die Beauftragung durch einzelne Nutzer abzulehnen. Ein Rechtsanspruch auf die Leistungen von Iuvando besteht nicht.<\/p>\n<p>3) Patienten k\u00f6nnen Iuvando in einem weiteren Schritt ihre schriftliche Einverst\u00e4ndnis zur Speicherung und Verarbeitung medizinischer Daten erteilen. Das Einverst\u00e4ndis wird nach vorhergehender telefonischer Aufkl\u00e4rung erteilt. In einer gesonderten Einverst\u00e4ndniserkl\u00e4rung sind alle weiteren Bedingungen geregelt, die die Studienrecherche und die Verwendung medizinischer Daten betreffen. Die Einverst\u00e4ndniserkl\u00e4rung beinhaltet eine Entbindung der Schweigepflicht von Iuvando gegen\u00fcber behandelnden \u00c4rztinnen oder \u00c4rzten, die vom Patient einzeln zu benennen sind. Patienten k\u00f6nnen umgekehrt mit einer gesonderten Schweigepflichtentbindungserkl\u00e4rung behandelnde \u00c4rztinnen und \u00c4rzte von der Schweigepflicht gegen\u00fcber Iuvando entbinden.<\/p>\n<h3 id=\"dsg-general-purpose\">III. LEISTUNGEN DER NUTZER<\/h3>\n<p>Nutzer erkl\u00e4ren sich bereit im Rahmen der Nutzung des Angebots sowie der Webseite gegen\u00fcber Iuvando wahrheitsgem\u00e4\u00dfe Angaben zu machen und die Nutzungsbedingungen sowie das in Deutschland geltende Recht einzuhalten. Nutzer erkl\u00e4ren sich im Falle einer Beauftragung bereit, Iuvando gegen\u00fcber einmalig eine Auskunft dar\u00fcber zu erteilen, ob ein Einschluss in eine bestimmte Studie stattgefunden hat.<\/p>\n<h3 id=\"dsg-general-terms\">IV. LEISTUNGEN VON IUVANDO<\/h3>\n<p>Iuvando erkl\u00e4rt sich bereit, im Falle der Annahme einer Beauftragung anhand der \u00fcbermittelten medizinischen Informationen eine Studienrecherche vorzunehmen und das Ergebnis dieser Recherche in schriftlicher Form an die behandelnde \u00c4rztin oder den Arzt zu \u00fcbermitteln (&#8220;Pre-Screening&#8221;). Iuvando nimmt zus\u00e4tzlich telefonisch Kontakt zu behandelnder \u00c4rztin oder Arzt auf und kann auf Wunsch weitere Fachinformationen zu einzelnen Studien zur Verf\u00fcgung stellen. Iuvando schuldet Nutzern und \u00c4rzten kein Rechercheergebnis. Dies gilt insbesondere dann, wenn keine Studie gefunden werden kann. Im Rahmen der Erstvorstellung im Studienzentrum (&#8220;Screening&#8221;) ergibt sich regelhaft ein neuer und umfassenderer medizinischer Sachverhalt, der nicht vorhersehbar ist. Iuvando kann aus diesem Grund keine Garantie f\u00fcr den Einschluss in eine der vorgeschlagenen Studien abgeben. Iuvando \u00fcbernimmt keine Gew\u00e4hr oder Garantie f\u00fcr einen Behandlungserfolg im Rahmen einer dieser Studien.<\/p>\n<h3 id=\"dsg-general-legalbasis\">V. K\u00dcNDIGUNG<\/h3>\n<p>Das vertragliche Verh\u00e4ltnis zwischen Patienten und Iuvando kann von beiden Seiten jederzeit ohne Angabe von Gr\u00fcnden widerrufen werden. Iuvando wird dies in der Regel nur dann tun, wenn trifftige Gr\u00fcnde daf\u00fcr vorliegen, insbesondere eine Verletzung der Nutzungsbedingungen oder des in Deutschland geltenden Rechts.<\/p>\n<h3 id=\"dsg-general-securitymeasures\">VI. VERG\u00dcTUNG<\/h3>\n<p>Die Leistungserbringung durch Iuvando erfolgt unentgeltlich.<\/p>\n<h3 id=\"dsg-general-coprocessing\">VII. HAFTUNGSAUSSCHLUSS<\/h3>\n<p>1) Iuvando \u00fcbernimmt keine Verantwortung oder Garantie f\u00fcr das Verhalten Dritter, dies gilt insbesondere f\u00fcr behandelnde \u00c4rzte und die Folgen der durch sie getroffenen Therapieentscheidung. Iuvando bereitet im Rahmen der Studienrecherche Informationen auf, die \u00c4rzte bei der Auswahl einer individualisierten Studientherapie unterst\u00fctzen k\u00f6nnen. Iuvando tritt gegen\u00fcber Patienten zu keinem Zeitpunkt als \u00e4rztliche Instanz auf und erbringt keinerlei \u00e4rztliche Leistungen. Iuvando kann eine \u00e4rztliche Beratung weder ersetzen noch erg\u00e4nzen oder erweitern. Aussagen die von Iuvando gegen\u00fcber Patienten get\u00e4tigt werden bzw. Informationen oder Ratschl\u00e4ge haben in keinem Fall einen gesundheitsberatenden Charakter.<br \/>\n2) Die \u00e4rztliche Haftung bleibt durch die Leistungen von Iuvando unber\u00fchrt. Iuvando \u00fcbernimmt keine Haftung f\u00fcr Studien die im Rahmen der Studienrecherche ausgew\u00e4hlt wurden. Dies gilt insbesondere f\u00fcr eine fehlende Wirksamkeit der Therapie und f\u00fcr m\u00f6glicherweise auftretende unerw\u00fcnschte Wirkungen. Die Haftung f\u00fcr eine von Iuvando vorgeschlagene Studientherapie liegt bei den \u00c4rzten des jeweiligen Studienzentrums und wird durch den jeweiligen Behandlungsvertrag geregelt.<br \/>\n3) Die der Studienrecherche zugrundeliegenden Daten werden mit gr\u00f6\u00dfter Sorgfalt recherchiert und verarbeitet, eine Haftung f\u00fcr Aktualit\u00e4t, Richtigkeit oder Qualit\u00e4t der Suchergebnisse kann dennoch nicht \u00fcbernommen werden. Iuvando kann insbesondere keine Gew\u00e4hr oder Garantie f\u00fcr den Einschluss in eine vorgeschlagene Therapiestudie bzw. an einem vorgeschlagenen Zentrum \u00fcbernehmen.<br \/>\n4) Iuvando haftet nicht f\u00fcr Datenverlust durch Verschulden Dritter.<\/p>\n<h3 id=\"dsg-general-thirdparty\">VIII. DATENSCHUTZ<\/h3>\n<p>Zum Thema Datenschutz beachten Sie bitte unsere\u00a0<a href=\"https:\/\/iuvando.de\/datenschutzerklaerung\/\">Datenschutzerkl\u00e4rung<\/a>.<\/p>\n<h3 id=\"dsg-general-revokeconsent\">IX. ANWENDBARES RECHT<\/h3>\n<p>F\u00fcr alle Streitigkeiten, die aus dem Vertragsverh\u00e4ltnis zwischen Nutzern und Iuvando entstehen, wird als ausschlie\u00dflicher Gerichtsstand der Gesch\u00e4ftssitz von Iuvando vereinbart. Die Befugnis, auch das Gericht an einem anderen gesetzlichen Gerichtsstand anzurufen, bleibt hiervon unber\u00fchrt.<\/p>\n<\/div><\/div><\/div><\/div><\/div><\/div><\/div><\/section>\n","protected":false},"excerpt":{"rendered":"NUTZUNGSBEDINGUNGEN DER &#8220;IUVANDO&#8221; PATIENTENPLATTFORM STAND 12.02.2019 PR\u00c4AMBEL Die Iuvando Health GmbH betreibt als unabh\u00e4ngiges Dienstleistungsunternehmen eine Webseite, \u00fcber die Patientinnen und Patienten (im Folgenden wird aus Gr\u00fcnden der Einfachheit die m\u00e4nnliche Form &#8220;Patient&#8221; verwendet) in eigener Initiative Kontakt mit dem Studienteam von Iuvando aufnehmen k\u00f6nnen. Patienten k\u00f6nnen Iuvando medizinische Informationen zu ihrer individuellen Erkrankung zur...","protected":false},"author":2,"featured_media":0,"parent":0,"menu_order":0,"comment_status":"closed","ping_status":"closed","template":"","meta":{"footnotes":""},"class_list":["post-8641","page","type-page","status-publish","hentry"],"acf":[],"yoast_head":"<!-- This site is optimized with the Yoast SEO Premium plugin v25.3.1 (Yoast SEO v25.3.1) - https:\/\/yoast.com\/wordpress\/plugins\/seo\/ -->\n<title>Allgemeine Gesch\u00e4ftsbedingungen - iuvando - Studien in der Onkologie<\/title>\n<meta name=\"description\" content=\"Here you will find the general terms and conditions of iuvando Health GmbH. Contact us if you have any questions.\" \/>\n<meta name=\"robots\" content=\"index, follow, max-snippet:-1, max-image-preview:large, max-video-preview:-1\" \/>\n<link rel=\"canonical\" href=\"https:\/\/iuvando.de\/en\/allgemeine-geschaeftsbedingungen\/\" \/>\n<meta property=\"og:locale\" content=\"en_US\" \/>\n<meta property=\"og:type\" content=\"article\" \/>\n<meta property=\"og:title\" content=\"Allgemeine Gesch\u00e4ftsbedingungen\" \/>\n<meta property=\"og:description\" content=\"Here you will find the general terms and conditions of iuvando Health GmbH. Contact us if you have any questions.\" \/>\n<meta property=\"og:url\" content=\"https:\/\/iuvando.de\/en\/allgemeine-geschaeftsbedingungen\/\" \/>\n<meta property=\"og:site_name\" content=\"iuvando - Studien in der Onkologie\" \/>\n<meta property=\"article:publisher\" content=\"https:\/\/de-de.facebook.com\/iuvandohealth\/\" \/>\n<meta property=\"article:modified_time\" content=\"2022-03-22T12:17:37+00:00\" \/>\n<meta name=\"twitter:card\" content=\"summary_large_image\" \/>\n<meta name=\"twitter:site\" content=\"@iuvando\" \/>\n<script type=\"application\/ld+json\" class=\"yoast-schema-graph\">{\"@context\":\"https:\/\/schema.org\",\"@graph\":[{\"@type\":\"WebPage\",\"@id\":\"https:\/\/iuvando.de\/en\/allgemeine-geschaeftsbedingungen\/\",\"url\":\"https:\/\/iuvando.de\/en\/allgemeine-geschaeftsbedingungen\/\",\"name\":\"Allgemeine Gesch\u00e4ftsbedingungen - iuvando - Studien in der Onkologie\",\"isPartOf\":{\"@id\":\"https:\/\/iuvando.de\/en\/#website\"},\"datePublished\":\"2019-09-17T09:13:28+00:00\",\"dateModified\":\"2022-03-22T12:17:37+00:00\",\"description\":\"Here you will find the general terms and conditions of iuvando Health GmbH. Contact us if you have any questions.\",\"breadcrumb\":{\"@id\":\"https:\/\/iuvando.de\/en\/allgemeine-geschaeftsbedingungen\/#breadcrumb\"},\"inLanguage\":\"en-US\",\"potentialAction\":[{\"@type\":\"ReadAction\",\"target\":[\"https:\/\/iuvando.de\/en\/allgemeine-geschaeftsbedingungen\/\"]}]},{\"@type\":\"BreadcrumbList\",\"@id\":\"https:\/\/iuvando.de\/en\/allgemeine-geschaeftsbedingungen\/#breadcrumb\",\"itemListElement\":[{\"@type\":\"ListItem\",\"position\":1,\"name\":\"Startseite\",\"item\":\"https:\/\/iuvando.de\/en\/\"},{\"@type\":\"ListItem\",\"position\":2,\"name\":\"Allgemeine Gesch\u00e4ftsbedingungen\"}]},{\"@type\":\"WebSite\",\"@id\":\"https:\/\/iuvando.de\/en\/#website\",\"url\":\"https:\/\/iuvando.de\/en\/\",\"name\":\"iuvando - Studien in der Onkologie\",\"description\":\"Informationsportal f\u00fcr Krebspatienten\",\"publisher\":{\"@id\":\"https:\/\/iuvando.de\/en\/#organization\"},\"potentialAction\":[{\"@type\":\"SearchAction\",\"target\":{\"@type\":\"EntryPoint\",\"urlTemplate\":\"https:\/\/iuvando.de\/en\/?s={search_term_string}\"},\"query-input\":{\"@type\":\"PropertyValueSpecification\",\"valueRequired\":true,\"valueName\":\"search_term_string\"}}],\"inLanguage\":\"en-US\"},{\"@type\":\"Organization\",\"@id\":\"https:\/\/iuvando.de\/en\/#organization\",\"name\":\"iuvando Health GmbH\",\"url\":\"https:\/\/iuvando.de\/en\/\",\"logo\":{\"@type\":\"ImageObject\",\"inLanguage\":\"en-US\",\"@id\":\"https:\/\/iuvando.de\/en\/#\/schema\/logo\/image\/\",\"url\":\"https:\/\/iuvando.de\/wp-content\/uploads\/2019\/10\/logo.svg\",\"contentUrl\":\"https:\/\/iuvando.de\/wp-content\/uploads\/2019\/10\/logo.svg\",\"width\":458,\"height\":169,\"caption\":\"iuvando Health GmbH\"},\"image\":{\"@id\":\"https:\/\/iuvando.de\/en\/#\/schema\/logo\/image\/\"},\"sameAs\":[\"https:\/\/de-de.facebook.com\/iuvandohealth\/\",\"https:\/\/x.com\/iuvando\",\"https:\/\/www.linkedin.com\/company\/iuvando\/?originalSubdomain=de\"]}]}<\/script>\n<!-- \/ Yoast SEO Premium plugin. -->","yoast_head_json":{"title":"Allgemeine Gesch\u00e4ftsbedingungen - iuvando - Studien in der Onkologie","description":"Here you will find the general terms and conditions of iuvando Health GmbH. Contact us if you have any questions.","robots":{"index":"index","follow":"follow","max-snippet":"max-snippet:-1","max-image-preview":"max-image-preview:large","max-video-preview":"max-video-preview:-1"},"canonical":"https:\/\/iuvando.de\/en\/allgemeine-geschaeftsbedingungen\/","og_locale":"en_US","og_type":"article","og_title":"Allgemeine Gesch\u00e4ftsbedingungen","og_description":"Here you will find the general terms and conditions of iuvando Health GmbH. Contact us if you have any questions.","og_url":"https:\/\/iuvando.de\/en\/allgemeine-geschaeftsbedingungen\/","og_site_name":"iuvando - Studien in der Onkologie","article_publisher":"https:\/\/de-de.facebook.com\/iuvandohealth\/","article_modified_time":"2022-03-22T12:17:37+00:00","twitter_card":"summary_large_image","twitter_site":"@iuvando","schema":{"@context":"https:\/\/schema.org","@graph":[{"@type":"WebPage","@id":"https:\/\/iuvando.de\/en\/allgemeine-geschaeftsbedingungen\/","url":"https:\/\/iuvando.de\/en\/allgemeine-geschaeftsbedingungen\/","name":"Allgemeine Gesch\u00e4ftsbedingungen - iuvando - Studien in der Onkologie","isPartOf":{"@id":"https:\/\/iuvando.de\/en\/#website"},"datePublished":"2019-09-17T09:13:28+00:00","dateModified":"2022-03-22T12:17:37+00:00","description":"Here you will find the general terms and conditions of iuvando Health GmbH. Contact us if you have any questions.","breadcrumb":{"@id":"https:\/\/iuvando.de\/en\/allgemeine-geschaeftsbedingungen\/#breadcrumb"},"inLanguage":"en-US","potentialAction":[{"@type":"ReadAction","target":["https:\/\/iuvando.de\/en\/allgemeine-geschaeftsbedingungen\/"]}]},{"@type":"BreadcrumbList","@id":"https:\/\/iuvando.de\/en\/allgemeine-geschaeftsbedingungen\/#breadcrumb","itemListElement":[{"@type":"ListItem","position":1,"name":"Startseite","item":"https:\/\/iuvando.de\/en\/"},{"@type":"ListItem","position":2,"name":"Allgemeine Gesch\u00e4ftsbedingungen"}]},{"@type":"WebSite","@id":"https:\/\/iuvando.de\/en\/#website","url":"https:\/\/iuvando.de\/en\/","name":"iuvando - Studien in der Onkologie","description":"Informationsportal f\u00fcr Krebspatienten","publisher":{"@id":"https:\/\/iuvando.de\/en\/#organization"},"potentialAction":[{"@type":"SearchAction","target":{"@type":"EntryPoint","urlTemplate":"https:\/\/iuvando.de\/en\/?s={search_term_string}"},"query-input":{"@type":"PropertyValueSpecification","valueRequired":true,"valueName":"search_term_string"}}],"inLanguage":"en-US"},{"@type":"Organization","@id":"https:\/\/iuvando.de\/en\/#organization","name":"iuvando Health GmbH","url":"https:\/\/iuvando.de\/en\/","logo":{"@type":"ImageObject","inLanguage":"en-US","@id":"https:\/\/iuvando.de\/en\/#\/schema\/logo\/image\/","url":"https:\/\/iuvando.de\/wp-content\/uploads\/2019\/10\/logo.svg","contentUrl":"https:\/\/iuvando.de\/wp-content\/uploads\/2019\/10\/logo.svg","width":458,"height":169,"caption":"iuvando Health GmbH"},"image":{"@id":"https:\/\/iuvando.de\/en\/#\/schema\/logo\/image\/"},"sameAs":["https:\/\/de-de.facebook.com\/iuvandohealth\/","https:\/\/x.com\/iuvando","https:\/\/www.linkedin.com\/company\/iuvando\/?originalSubdomain=de"]}]}},"_links":{"self":[{"href":"https:\/\/iuvando.de\/en\/wp-json\/wp\/v2\/pages\/8641","targetHints":{"allow":["GET"]}}],"collection":[{"href":"https:\/\/iuvando.de\/en\/wp-json\/wp\/v2\/pages"}],"about":[{"href":"https:\/\/iuvando.de\/en\/wp-json\/wp\/v2\/types\/page"}],"author":[{"embeddable":true,"href":"https:\/\/iuvando.de\/en\/wp-json\/wp\/v2\/users\/2"}],"replies":[{"embeddable":true,"href":"https:\/\/iuvando.de\/en\/wp-json\/wp\/v2\/comments?post=8641"}],"version-history":[{"count":1,"href":"https:\/\/iuvando.de\/en\/wp-json\/wp\/v2\/pages\/8641\/revisions"}],"predecessor-version":[{"id":8642,"href":"https:\/\/iuvando.de\/en\/wp-json\/wp\/v2\/pages\/8641\/revisions\/8642"}],"wp:attachment":[{"href":"https:\/\/iuvando.de\/en\/wp-json\/wp\/v2\/media?parent=8641"}],"curies":[{"name":"wp","href":"https:\/\/api.w.org\/{rel}","templated":true}]}}